{"id":738,"date":"2025-02-01T12:49:18","date_gmt":"2025-02-01T15:49:18","guid":{"rendered":"https:\/\/trefor.com.br\/es\/?page_id=738"},"modified":"2025-12-29T17:36:30","modified_gmt":"2025-12-29T20:36:30","slug":"ferramentas","status":"publish","type":"page","link":"https:\/\/trefor.com.br\/es\/ferramentas\/","title":{"rendered":"Ferramentas"},"content":{"rendered":"\t\t<div data-elementor-type=\"wp-page\" data-elementor-id=\"738\" class=\"elementor elementor-738\" data-elementor-post-type=\"page\">\n\t\t\t\t<div class=\"elementor-element elementor-element-eb75ce3 top-bg-header e-flex e-con-boxed e-con e-parent\" data-id=\"eb75ce3\" data-element_type=\"container\" data-settings=\"{&quot;background_background&quot;:&quot;classic&quot;}\">\n\t\t\t\t\t<div class=\"e-con-inner\">\n\t\t<div class=\"elementor-element elementor-element-f6f67c5 e-con-full e-flex e-con e-child\" data-id=\"f6f67c5\" data-element_type=\"container\">\n\t\t\t\t<div class=\"elementor-element elementor-element-8d6fedc elementor-invisible elementor-widget elementor-widget-heading\" data-id=\"8d6fedc\" data-element_type=\"widget\" data-settings=\"{&quot;_animation&quot;:&quot;fadeInRight&quot;,&quot;_animation_delay&quot;:750}\" data-widget_type=\"heading.default\">\n\t\t\t\t<div class=\"elementor-widget-container\">\n\t\t\t\t\t<h4 class=\"elementor-heading-title elementor-size-default\">Herramientas<\/h4>\t\t\t\t<\/div>\n\t\t\t\t<\/div>\n\t\t\t\t<div class=\"elementor-element elementor-element-19025c9 elementor-invisible elementor-widget elementor-widget-heading\" data-id=\"19025c9\" data-element_type=\"widget\" data-settings=\"{&quot;_animation&quot;:&quot;fadeInRight&quot;,&quot;_animation_delay&quot;:750}\" data-widget_type=\"heading.default\">\n\t\t\t\t<div class=\"elementor-widget-container\">\n\t\t\t\t\t<p class=\"elementor-heading-title elementor-size-default\">Optimice sus proyectos y tenga soporte t\u00e9cnico a su alcance con nuestro software y materiales de soporte, garantizando eficiencia y conveniencia en cada etapa.<\/p>\t\t\t\t<\/div>\n\t\t\t\t<\/div>\n\t\t\t\t<\/div>\n\t\t<div class=\"elementor-element elementor-element-0bd47f3 e-con-full e-flex e-con e-child\" data-id=\"0bd47f3\" data-element_type=\"container\">\n\t\t\t\t<div class=\"elementor-element elementor-element-6b7479e elementor-widget elementor-widget-image\" data-id=\"6b7479e\" data-element_type=\"widget\" data-widget_type=\"image.default\">\n\t\t\t\t<div class=\"elementor-widget-container\">\n\t\t\t\t\t\t\t\t\t\t\t\t\t\t\t<img fetchpriority=\"high\" decoding=\"async\" width=\"589\" height=\"300\" src=\"https:\/\/trefor.com.br\/es\/wp-content\/uploads\/2025\/06\/suportes.png\" class=\"attachment-large size-large wp-image-3202\" alt=\"\" srcset=\"https:\/\/trefor.com.br\/es\/wp-content\/uploads\/2025\/06\/suportes.png 589w, https:\/\/trefor.com.br\/es\/wp-content\/uploads\/2025\/06\/suportes-300x153.png 300w\" sizes=\"(max-width: 589px) 100vw, 589px\" \/>\t\t\t\t\t\t\t\t\t\t\t\t\t\t\t<\/div>\n\t\t\t\t<\/div>\n\t\t\t\t<\/div>\n\t\t\t\t\t<\/div>\n\t\t\t\t<\/div>\n\t\t<div class=\"elementor-element elementor-element-b884e02 e-flex e-con-boxed e-con e-parent\" data-id=\"b884e02\" data-element_type=\"container\">\n\t\t\t\t\t<div class=\"e-con-inner\">\n\t\t<div class=\"elementor-element elementor-element-05ba4d5 e-con-full e-flex e-con e-child\" data-id=\"05ba4d5\" data-element_type=\"container\">\n\t\t\t\t<div class=\"elementor-element elementor-element-072b608 elementor-invisible elementor-widget elementor-widget-heading\" data-id=\"072b608\" data-element_type=\"widget\" data-settings=\"{&quot;_animation&quot;:&quot;fadeInDown&quot;}\" data-widget_type=\"heading.default\">\n\t\t\t\t<div class=\"elementor-widget-container\">\n\t\t\t\t\t<h2 class=\"elementor-heading-title elementor-size-default\">C\u00e1lculo simple y f\u00e1cil.<\/h2>\t\t\t\t<\/div>\n\t\t\t\t<\/div>\n\t\t\t\t<div class=\"elementor-element elementor-element-55c2158 elementor-invisible elementor-widget elementor-widget-heading\" data-id=\"55c2158\" data-element_type=\"widget\" data-settings=\"{&quot;_animation&quot;:&quot;fadeInUp&quot;,&quot;_animation_delay&quot;:250}\" data-widget_type=\"heading.default\">\n\t\t\t\t<div class=\"elementor-widget-container\">\n\t\t\t\t\t<p class=\"elementor-heading-title elementor-size-default\">El software FAULIM TR - LTNU 2.0 ofrece una gama de beneficios que simplifican el dise\u00f1o preliminar de losas nervadas.<\/p>\t\t\t\t<\/div>\n\t\t\t\t<\/div>\n\t\t<div class=\"elementor-element elementor-element-8c80fe0 e-con-full e-flex e-con e-child\" data-id=\"8c80fe0\" data-element_type=\"container\">\n\t\t<div class=\"elementor-element elementor-element-72c247f e-con-full e-flex e-con e-child\" data-id=\"72c247f\" data-element_type=\"container\">\n\t\t\t\t<div class=\"elementor-element elementor-element-8018dfa elementor-widget elementor-widget-heading\" data-id=\"8018dfa\" data-element_type=\"widget\" data-widget_type=\"heading.default\">\n\t\t\t\t<div class=\"elementor-widget-container\">\n\t\t\t\t\t<h3 class=\"elementor-heading-title elementor-size-default\">EFICIENCIA <\/h3>\t\t\t\t<\/div>\n\t\t\t\t<\/div>\n\t\t\t\t<div class=\"elementor-element elementor-element-eb754bd elementor-widget elementor-widget-image\" data-id=\"eb754bd\" data-element_type=\"widget\" data-widget_type=\"image.default\">\n\t\t\t\t<div class=\"elementor-widget-container\">\n\t\t\t\t\t\t\t\t\t\t\t\t\t\t\t<img decoding=\"async\" width=\"80\" height=\"80\" src=\"https:\/\/trefor.com.br\/es\/wp-content\/uploads\/2025\/06\/eficiencia.png\" class=\"attachment-large size-large wp-image-3225\" alt=\"\" \/>\t\t\t\t\t\t\t\t\t\t\t\t\t\t\t<\/div>\n\t\t\t\t<\/div>\n\t\t\t\t<div class=\"elementor-element elementor-element-ae792f4 elementor-widget elementor-widget-heading\" data-id=\"ae792f4\" data-element_type=\"widget\" data-widget_type=\"heading.default\">\n\t\t\t\t<div class=\"elementor-widget-container\">\n\t\t\t\t\t<p class=\"elementor-heading-title elementor-size-default\">El software considera la homogeneizaci\u00f3n del acero con el hormig\u00f3n, mejorando la eficiencia del proyecto.<\/p>\t\t\t\t<\/div>\n\t\t\t\t<\/div>\n\t\t\t\t<\/div>\n\t\t<div class=\"elementor-element elementor-element-1f39c62 e-con-full e-flex e-con e-child\" data-id=\"1f39c62\" data-element_type=\"container\">\n\t\t\t\t<div class=\"elementor-element elementor-element-1f0e221 elementor-widget elementor-widget-heading\" data-id=\"1f0e221\" data-element_type=\"widget\" data-widget_type=\"heading.default\">\n\t\t\t\t<div class=\"elementor-widget-container\">\n\t\t\t\t\t<h3 class=\"elementor-heading-title elementor-size-default\">INTERACTIVIDAD<\/h3>\t\t\t\t<\/div>\n\t\t\t\t<\/div>\n\t\t\t\t<div class=\"elementor-element elementor-element-d05dba8 elementor-widget elementor-widget-image\" data-id=\"d05dba8\" data-element_type=\"widget\" data-widget_type=\"image.default\">\n\t\t\t\t<div class=\"elementor-widget-container\">\n\t\t\t\t\t\t\t\t\t\t\t\t\t\t\t<img decoding=\"async\" width=\"86\" height=\"86\" src=\"https:\/\/trefor.com.br\/es\/wp-content\/uploads\/2025\/06\/interatividade.png\" class=\"attachment-large size-large wp-image-3229\" alt=\"\" \/>\t\t\t\t\t\t\t\t\t\t\t\t\t\t\t<\/div>\n\t\t\t\t<\/div>\n\t\t\t\t<div class=\"elementor-element elementor-element-1261f03 elementor-widget elementor-widget-heading\" data-id=\"1261f03\" data-element_type=\"widget\" data-widget_type=\"heading.default\">\n\t\t\t\t<div class=\"elementor-widget-container\">\n\t\t\t\t\t<p class=\"elementor-heading-title elementor-size-default\">Con entradas de datos interactivas, los usuarios disfrutan de una experiencia m\u00e1s intuitiva, simplificando el proceso.<\/p>\t\t\t\t<\/div>\n\t\t\t\t<\/div>\n\t\t\t\t<\/div>\n\t\t<div class=\"elementor-element elementor-element-e6733a6 e-con-full e-flex e-con e-child\" data-id=\"e6733a6\" data-element_type=\"container\">\n\t\t\t\t<div class=\"elementor-element elementor-element-fb725f2 elementor-widget elementor-widget-heading\" data-id=\"fb725f2\" data-element_type=\"widget\" data-widget_type=\"heading.default\">\n\t\t\t\t<div class=\"elementor-widget-container\">\n\t\t\t\t\t<h3 class=\"elementor-heading-title elementor-size-default\">PRECISI\u00d3N<\/h3>\t\t\t\t<\/div>\n\t\t\t\t<\/div>\n\t\t\t\t<div class=\"elementor-element elementor-element-afa1411 elementor-widget elementor-widget-image\" data-id=\"afa1411\" data-element_type=\"widget\" data-widget_type=\"image.default\">\n\t\t\t\t<div class=\"elementor-widget-container\">\n\t\t\t\t\t\t\t\t\t\t\t\t\t\t\t<img loading=\"lazy\" decoding=\"async\" width=\"106\" height=\"86\" src=\"https:\/\/trefor.com.br\/es\/wp-content\/uploads\/2025\/03\/facilidade.png\" class=\"attachment-large size-large wp-image-2405\" alt=\"\" \/>\t\t\t\t\t\t\t\t\t\t\t\t\t\t\t<\/div>\n\t\t\t\t<\/div>\n\t\t\t\t<div class=\"elementor-element elementor-element-9a5b408 elementor-widget elementor-widget-heading\" data-id=\"9a5b408\" data-element_type=\"widget\" data-widget_type=\"heading.default\">\n\t\t\t\t<div class=\"elementor-widget-container\">\n\t\t\t\t\t<p class=\"elementor-heading-title elementor-size-default\">Los resultados se presentan de forma clara y t\u00e9cnica, lo que permite a los profesionales calificados realizar an\u00e1lisis precisos.<\/p>\t\t\t\t<\/div>\n\t\t\t\t<\/div>\n\t\t\t\t<\/div>\n\t\t\t\t<\/div>\n\t\t\t\t<\/div>\n\t\t\t\t<div class=\"elementor-element elementor-element-c1790a9 elementor-align-center elementor-widget elementor-widget-button\" data-id=\"c1790a9\" data-element_type=\"widget\" data-widget_type=\"button.default\">\n\t\t\t\t<div class=\"elementor-widget-container\">\n\t\t\t\t\t\t\t\t\t<div class=\"elementor-button-wrapper\">\n\t\t\t\t\t<a class=\"elementor-button elementor-button-link elementor-size-sm\" href=\"https:\/\/sistemasfaulim.com.br\/\" target=\"_blank\">\n\t\t\t\t\t\t<span class=\"elementor-button-content-wrapper\">\n\t\t\t\t\t\t\t\t\t<span class=\"elementor-button-text\">DESCARGAR VERSI\u00d3N GRATUITA AHORA<\/span>\n\t\t\t\t\t<\/span>\n\t\t\t\t\t<\/a>\n\t\t\t\t<\/div>\n\t\t\t\t\t\t\t\t<\/div>\n\t\t\t\t<\/div>\n\t\t\t\t\t<\/div>\n\t\t\t\t<\/div>\n\t\t<div class=\"elementor-element elementor-element-6ef28ff e-con-full e-flex e-con e-parent\" data-id=\"6ef28ff\" data-element_type=\"container\" data-settings=\"{&quot;background_background&quot;:&quot;classic&quot;}\">\n\t\t<div class=\"elementor-element elementor-element-951f0f5 e-con-full e-flex e-con e-child\" data-id=\"951f0f5\" data-element_type=\"container\">\n\t\t\t\t<div class=\"elementor-element elementor-element-dbdd617 elementor-invisible elementor-widget elementor-widget-image\" data-id=\"dbdd617\" data-element_type=\"widget\" data-settings=\"{&quot;_animation&quot;:&quot;fadeIn&quot;}\" data-widget_type=\"image.default\">\n\t\t\t\t<div class=\"elementor-widget-container\">\n\t\t\t\t\t\t\t\t\t\t\t\t\t\t\t<img loading=\"lazy\" decoding=\"async\" width=\"800\" height=\"510\" src=\"https:\/\/trefor.com.br\/es\/wp-content\/uploads\/2025\/03\/banner-transforme.png\" class=\"attachment-large size-large wp-image-2193\" alt=\"\" srcset=\"https:\/\/trefor.com.br\/es\/wp-content\/uploads\/2025\/03\/banner-transforme.png 816w, https:\/\/trefor.com.br\/es\/wp-content\/uploads\/2025\/03\/banner-transforme-300x191.png 300w, https:\/\/trefor.com.br\/es\/wp-content\/uploads\/2025\/03\/banner-transforme-768x489.png 768w\" sizes=\"(max-width: 800px) 100vw, 800px\" \/>\t\t\t\t\t\t\t\t\t\t\t\t\t\t\t<\/div>\n\t\t\t\t<\/div>\n\t\t\t\t<\/div>\n\t\t<div class=\"elementor-element elementor-element-da74e8a e-flex e-con-boxed e-con e-child\" data-id=\"da74e8a\" data-element_type=\"container\">\n\t\t\t\t\t<div class=\"e-con-inner\">\n\t\t\t\t<div class=\"elementor-element elementor-element-ba00916 elementor-invisible elementor-widget elementor-widget-heading\" data-id=\"ba00916\" data-element_type=\"widget\" data-settings=\"{&quot;_animation&quot;:&quot;fadeInUp&quot;}\" data-widget_type=\"heading.default\">\n\t\t\t\t<div class=\"elementor-widget-container\">\n\t\t\t\t\t<h2 class=\"elementor-heading-title elementor-size-default\">Descubra las caracter\u00edsticas<\/h2>\t\t\t\t<\/div>\n\t\t\t\t<\/div>\n\t\t\t\t<div class=\"elementor-element elementor-element-8e597bf elementor-invisible elementor-widget elementor-widget-heading\" data-id=\"8e597bf\" data-element_type=\"widget\" data-settings=\"{&quot;_animation&quot;:&quot;fadeInRight&quot;,&quot;_animation_delay&quot;:250}\" data-widget_type=\"heading.default\">\n\t\t\t\t<div class=\"elementor-widget-container\">\n\t\t\t\t\t<p class=\"elementor-heading-title elementor-size-default\">El software FAULIM TR - LTNU hace que el dise\u00f1o preliminar de losas nervadas sea m\u00e1s pr\u00e1ctico y eficiente. Permite calcular armaduras positivas y negativas, nervaduras transversales y armaduras de distribuci\u00f3n, adem\u00e1s de proporcionar informaci\u00f3n sobre flechas y peso propio. Gracias a su interfaz interactiva, los usuarios pueden introducir datos f\u00e1cilmente y visualizar los resultados t\u00e9cnicos con claridad. El software tambi\u00e9n guarda los c\u00e1lculos por cliente y proyecto, lo que facilita el seguimiento del progreso.<\/p>\t\t\t\t<\/div>\n\t\t\t\t<\/div>\n\t\t\t\t<div class=\"elementor-element elementor-element-fe4285f elementor-invisible elementor-widget elementor-widget-button\" data-id=\"fe4285f\" data-element_type=\"widget\" data-settings=\"{&quot;_animation&quot;:&quot;fadeInDown&quot;,&quot;_animation_delay&quot;:500}\" data-widget_type=\"button.default\">\n\t\t\t\t<div class=\"elementor-widget-container\">\n\t\t\t\t\t\t\t\t\t<div class=\"elementor-button-wrapper\">\n\t\t\t\t\t<a class=\"elementor-button elementor-button-link elementor-size-sm\" href=\"https:\/\/sistemasfaulim.com.br\/\" target=\"_blank\">\n\t\t\t\t\t\t<span class=\"elementor-button-content-wrapper\">\n\t\t\t\t\t\t\t\t\t<span class=\"elementor-button-text\">DESCARGAR AHORA<\/span>\n\t\t\t\t\t<\/span>\n\t\t\t\t\t<\/a>\n\t\t\t\t<\/div>\n\t\t\t\t\t\t\t\t<\/div>\n\t\t\t\t<\/div>\n\t\t\t\t\t<\/div>\n\t\t\t\t<\/div>\n\t\t\t\t<\/div>\n\t\t<div class=\"elementor-element elementor-element-090d3fc e-flex e-con-boxed e-con e-parent\" data-id=\"090d3fc\" data-element_type=\"container\" id=\"downloads\">\n\t\t\t\t\t<div class=\"e-con-inner\">\n\t\t\t\t\t<\/div>\n\t\t\t\t<\/div>\n\t\t<div class=\"elementor-element elementor-element-1cd628a7 e-flex e-con-boxed e-con e-parent\" data-id=\"1cd628a7\" data-element_type=\"container\">\n\t\t\t\t\t<div class=\"e-con-inner\">\n\t\t\t\t<div class=\"elementor-element elementor-element-c842c3 elementor-widget elementor-widget-heading\" data-id=\"c842c3\" data-element_type=\"widget\" data-widget_type=\"heading.default\">\n\t\t\t\t<div class=\"elementor-widget-container\">\n\t\t\t\t\t<h3 class=\"elementor-heading-title elementor-size-default\">CAT\u00c1LOGOS Y MANUALES<\/h3>\t\t\t\t<\/div>\n\t\t\t\t<\/div>\n\t\t<div class=\"elementor-element elementor-element-10b94f37 e-con-full e-flex e-con e-child\" data-id=\"10b94f37\" data-element_type=\"container\">\n\t\t<div class=\"elementor-element elementor-element-959fad9 e-con-full e-flex e-con e-child\" data-id=\"959fad9\" data-element_type=\"container\">\n\t\t\t\t<div class=\"elementor-element elementor-element-3a7fb88d elementor-widget elementor-widget-image\" data-id=\"3a7fb88d\" data-element_type=\"widget\" data-widget_type=\"image.default\">\n\t\t\t\t<div class=\"elementor-widget-container\">\n\t\t\t\t\t\t\t\t\t\t\t\t\t\t\t\t<a href=\"https:\/\/trefor.com.br\/es\/wp-content\/uploads\/2025\/11\/FAULIM_CATALAGO_LAJOTAS_V3.pdf\" target=\"_blank\">\n\t\t\t\t\t\t\t<img loading=\"lazy\" decoding=\"async\" width=\"270\" height=\"371\" src=\"https:\/\/trefor.com.br\/es\/wp-content\/uploads\/2025\/06\/catalogo-canaleta.png\" class=\"attachment-large size-large wp-image-3240\" alt=\"\" srcset=\"https:\/\/trefor.com.br\/es\/wp-content\/uploads\/2025\/06\/catalogo-canaleta.png 270w, https:\/\/trefor.com.br\/es\/wp-content\/uploads\/2025\/06\/catalogo-canaleta-218x300.png 218w\" sizes=\"(max-width: 270px) 100vw, 270px\" \/>\t\t\t\t\t\t\t\t<\/a>\n\t\t\t\t\t\t\t\t\t\t\t\t\t\t\t<\/div>\n\t\t\t\t<\/div>\n\t\t\t\t<div class=\"elementor-element elementor-element-5d2ccfef elementor-widget elementor-widget-heading\" data-id=\"5d2ccfef\" data-element_type=\"widget\" data-widget_type=\"heading.default\">\n\t\t\t\t<div class=\"elementor-widget-container\">\n\t\t\t\t\t<p class=\"elementor-heading-title elementor-size-default\">Cat\u00e1logo de canales de hormig\u00f3n<\/p>\t\t\t\t<\/div>\n\t\t\t\t<\/div>\n\t\t\t\t<\/div>\n\t\t<div class=\"elementor-element elementor-element-3dd6ec7d e-con-full e-flex e-con e-child\" data-id=\"3dd6ec7d\" data-element_type=\"container\">\n\t\t\t\t<div class=\"elementor-element elementor-element-69575ff9 elementor-widget elementor-widget-image\" data-id=\"69575ff9\" data-element_type=\"widget\" data-widget_type=\"image.default\">\n\t\t\t\t<div class=\"elementor-widget-container\">\n\t\t\t\t\t\t\t\t\t\t\t\t\t\t\t\t<a href=\"https:\/\/trefor.com.br\/es\/wp-content\/uploads\/2025\/11\/FAULIM_CATALAGO_LAJOTAS_V3.pdf\" target=\"_blank\">\n\t\t\t\t\t\t\t<img loading=\"lazy\" decoding=\"async\" width=\"270\" height=\"371\" src=\"https:\/\/trefor.com.br\/es\/wp-content\/uploads\/2025\/06\/catalogo-suporte.png\" class=\"attachment-large size-large wp-image-3241\" alt=\"\" srcset=\"https:\/\/trefor.com.br\/es\/wp-content\/uploads\/2025\/06\/catalogo-suporte.png 270w, https:\/\/trefor.com.br\/es\/wp-content\/uploads\/2025\/06\/catalogo-suporte-218x300.png 218w\" sizes=\"(max-width: 270px) 100vw, 270px\" \/>\t\t\t\t\t\t\t\t<\/a>\n\t\t\t\t\t\t\t\t\t\t\t\t\t\t\t<\/div>\n\t\t\t\t<\/div>\n\t\t\t\t<div class=\"elementor-element elementor-element-371b5e3b elementor-widget elementor-widget-heading\" data-id=\"371b5e3b\" data-element_type=\"widget\" data-widget_type=\"heading.default\">\n\t\t\t\t<div class=\"elementor-widget-container\">\n\t\t\t\t\t<p class=\"elementor-heading-title elementor-size-default\">Cat\u00e1logo de soportes para cajas el\u00e9ctricas<\/p>\t\t\t\t<\/div>\n\t\t\t\t<\/div>\n\t\t\t\t<\/div>\n\t\t<div class=\"elementor-element elementor-element-3fdd809 e-con-full e-flex e-con e-child\" data-id=\"3fdd809\" data-element_type=\"container\">\n\t\t\t\t<div class=\"elementor-element elementor-element-4231ef76 elementor-widget elementor-widget-image\" data-id=\"4231ef76\" data-element_type=\"widget\" data-widget_type=\"image.default\">\n\t\t\t\t<div class=\"elementor-widget-container\">\n\t\t\t\t\t\t\t\t\t\t\t\t\t\t\t\t<a href=\"https:\/\/trefor.com.br\/es\/wp-content\/uploads\/2025\/06\/tabela-faulim-2019-canaleta-plastica.pdf\" target=\"_blank\">\n\t\t\t\t\t\t\t<img loading=\"lazy\" decoding=\"async\" width=\"270\" height=\"371\" src=\"https:\/\/trefor.com.br\/es\/wp-content\/uploads\/2025\/06\/manual-canaleta.png\" class=\"attachment-large size-large wp-image-3242\" alt=\"\" srcset=\"https:\/\/trefor.com.br\/es\/wp-content\/uploads\/2025\/06\/manual-canaleta.png 270w, https:\/\/trefor.com.br\/es\/wp-content\/uploads\/2025\/06\/manual-canaleta-218x300.png 218w\" sizes=\"(max-width: 270px) 100vw, 270px\" \/>\t\t\t\t\t\t\t\t<\/a>\n\t\t\t\t\t\t\t\t\t\t\t\t\t\t\t<\/div>\n\t\t\t\t<\/div>\n\t\t\t\t<div class=\"elementor-element elementor-element-1947a7ec elementor-widget elementor-widget-heading\" data-id=\"1947a7ec\" data-element_type=\"widget\" data-widget_type=\"heading.default\">\n\t\t\t\t<div class=\"elementor-widget-container\">\n\t\t\t\t\t<p class=\"elementor-heading-title elementor-size-default\">Manual t\u00e9cnico del canal de hormig\u00f3n<\/p>\t\t\t\t<\/div>\n\t\t\t\t<\/div>\n\t\t\t\t<\/div>\n\t\t<div class=\"elementor-element elementor-element-30f64aef e-con-full e-flex e-con e-child\" data-id=\"30f64aef\" data-element_type=\"container\">\n\t\t\t\t<div class=\"elementor-element elementor-element-c34327a elementor-widget elementor-widget-image\" data-id=\"c34327a\" data-element_type=\"widget\" data-widget_type=\"image.default\">\n\t\t\t\t<div class=\"elementor-widget-container\">\n\t\t\t\t\t\t\t\t\t\t\t\t\t\t\t\t<a href=\"https:\/\/trefor.com.br\/es\/wp-content\/uploads\/2025\/12\/tabela-faulim-2019-suporte-eletrico.pdf\" target=\"_blank\">\n\t\t\t\t\t\t\t<img loading=\"lazy\" decoding=\"async\" width=\"270\" height=\"371\" src=\"https:\/\/trefor.com.br\/es\/wp-content\/uploads\/2025\/12\/tabela-faulim-2019-suporte-eletrico.png\" class=\"attachment-large size-large wp-image-3531\" alt=\"\" srcset=\"https:\/\/trefor.com.br\/es\/wp-content\/uploads\/2025\/12\/tabela-faulim-2019-suporte-eletrico.png 270w, https:\/\/trefor.com.br\/es\/wp-content\/uploads\/2025\/12\/tabela-faulim-2019-suporte-eletrico-218x300.png 218w\" sizes=\"(max-width: 270px) 100vw, 270px\" \/>\t\t\t\t\t\t\t\t<\/a>\n\t\t\t\t\t\t\t\t\t\t\t\t\t\t\t<\/div>\n\t\t\t\t<\/div>\n\t\t\t\t<div class=\"elementor-element elementor-element-56a5c23b elementor-widget elementor-widget-heading\" data-id=\"56a5c23b\" data-element_type=\"widget\" data-widget_type=\"heading.default\">\n\t\t\t\t<div class=\"elementor-widget-container\">\n\t\t\t\t\t<p class=\"elementor-heading-title elementor-size-default\">Manual t\u00e9cnico del soporte para caja el\u00e9ctrica<\/p>\t\t\t\t<\/div>\n\t\t\t\t<\/div>\n\t\t\t\t<\/div>\n\t\t\t\t<\/div>\n\t\t\t\t\t<\/div>\n\t\t\t\t<\/div>\n\t\t\t\t<\/div>\n\t\t","protected":false},"excerpt":{"rendered":"<p>Herramientas Optimice sus proyectos y tenga soporte t\u00e9cnico a su alcance con nuestro software y materiales de soporte, garantizando eficiencia y conveniencia en cada etapa. C\u00e1lculo simple y f\u00e1cil. El software FAULIM TR &#8211; LTNU 2.0 ofrece una gama de beneficios que simplifican el dise\u00f1o preliminar de losas nervadas. EFICIENCIA El software considera la homogeneizaci\u00f3n [&hellip;]<\/p>\n","protected":false},"author":1,"featured_media":0,"parent":0,"menu_order":0,"comment_status":"closed","ping_status":"closed","template":"","meta":{"footnotes":""},"class_list":["post-738","page","type-page","status-publish","hentry"],"_links":{"self":[{"href":"https:\/\/trefor.com.br\/es\/wp-json\/wp\/v2\/pages\/738","targetHints":{"allow":["GET"]}}],"collection":[{"href":"https:\/\/trefor.com.br\/es\/wp-json\/wp\/v2\/pages"}],"about":[{"href":"https:\/\/trefor.com.br\/es\/wp-json\/wp\/v2\/types\/page"}],"author":[{"embeddable":true,"href":"https:\/\/trefor.com.br\/es\/wp-json\/wp\/v2\/users\/1"}],"replies":[{"embeddable":true,"href":"https:\/\/trefor.com.br\/es\/wp-json\/wp\/v2\/comments?post=738"}],"version-history":[{"count":310,"href":"https:\/\/trefor.com.br\/es\/wp-json\/wp\/v2\/pages\/738\/revisions"}],"predecessor-version":[{"id":3587,"href":"https:\/\/trefor.com.br\/es\/wp-json\/wp\/v2\/pages\/738\/revisions\/3587"}],"wp:attachment":[{"href":"https:\/\/trefor.com.br\/es\/wp-json\/wp\/v2\/media?parent=738"}],"curies":[{"name":"wp","href":"https:\/\/api.w.org\/{rel}","templated":true}]}}